{"id":1357,"date":"2024-10-24T22:04:01","date_gmt":"2024-10-24T22:04:01","guid":{"rendered":"https:\/\/work.sheboygan.org\/?page_id=1357"},"modified":"2025-04-01T15:45:41","modified_gmt":"2025-04-01T15:45:41","slug":"apply-now-kickstart-your-career-in-sheboygan-county","status":"publish","type":"page","link":"https:\/\/work.sheboygan.org\/es\/apply-now-kickstart-your-career-in-sheboygan-county\/","title":{"rendered":"Aplica ya"},"content":{"rendered":"<div data-elementor-type=\"wp-page\" data-elementor-id=\"1357\" class=\"elementor elementor-1357\" data-elementor-post-type=\"page\">\n\t\t\t\t<div class=\"elementor-element elementor-element-2666ee0 e-flex e-con-boxed e-con e-parent\" data-id=\"2666ee0\" data-element_type=\"container\" data-e-type=\"container\">\n\t\t\t\t\t<div class=\"e-con-inner\">\n\t\t\t\t<div class=\"elementor-element elementor-element-7336723 elementor-widget elementor-widget-template\" data-id=\"7336723\" data-element_type=\"widget\" data-e-type=\"widget\" data-widget_type=\"template.default\">\n\t\t\t\t<div class=\"elementor-widget-container\">\n\t\t\t\t\t\t\t<div class=\"elementor-template\">\n\t\t\t\t\t<div data-elementor-type=\"container\" data-elementor-id=\"1359\" class=\"elementor elementor-1359\" data-elementor-post-type=\"elementor_library\">\n\t\t\t\t<div class=\"elementor-element elementor-element-76664e6c e-flex e-con-boxed e-con e-parent\" data-id=\"76664e6c\" data-element_type=\"container\" data-e-type=\"container\" data-settings=\"{&quot;background_background&quot;:&quot;classic&quot;,&quot;position&quot;:&quot;fixed&quot;}\">\n\t\t\t\t\t<div class=\"e-con-inner\">\n\t\t<div class=\"elementor-element elementor-element-1b320838 e-con-full e-flex e-con e-child\" data-id=\"1b320838\" data-element_type=\"container\" data-e-type=\"container\">\n\t\t\t\t<div class=\"elementor-element elementor-element-310996a6 elementor-widget elementor-widget-theme-site-logo elementor-widget-image\" data-id=\"310996a6\" data-element_type=\"widget\" data-e-type=\"widget\" data-widget_type=\"theme-site-logo.default\">\n\t\t\t\t<div class=\"elementor-widget-container\">\n\t\t\t\t\t\t\t\t\t\t\t<a href=\"https:\/\/work.sheboygan.org\/es\">\n\t\t\t<img fetchpriority=\"high\" decoding=\"async\" width=\"512\" height=\"189\" src=\"https:\/\/work.sheboygan.org\/wp-content\/uploads\/2024\/01\/Chamber_Logo_White.png\" class=\"attachment-full size-full wp-image-27\" alt=\"Sheboygan County Chamber of Commerce&#039;s logo\" srcset=\"https:\/\/work.sheboygan.org\/wp-content\/uploads\/2024\/01\/Chamber_Logo_White.png 512w, https:\/\/work.sheboygan.org\/wp-content\/uploads\/2024\/01\/Chamber_Logo_White-300x111.png 300w\" sizes=\"(max-width: 512px) 100vw, 512px\" \/>\t\t\t\t<\/a>\n\t\t\t\t\t\t\t\t\t\t\t<\/div>\n\t\t\t\t<\/div>\n\t\t\t\t<\/div>\n\t\t<div class=\"elementor-element elementor-element-22797378 e-con-full e-flex e-con e-child\" data-id=\"22797378\" data-element_type=\"container\" data-e-type=\"container\">\n\t\t\t\t<div class=\"elementor-element elementor-element-20444f8a elementor-nav-menu--stretch elementor-nav-menu--dropdown-tablet elementor-nav-menu__text-align-aside elementor-nav-menu--toggle elementor-nav-menu--burger elementor-widget elementor-widget-nav-menu\" data-id=\"20444f8a\" data-element_type=\"widget\" data-e-type=\"widget\" data-settings=\"{&quot;full_width&quot;:&quot;stretch&quot;,&quot;layout&quot;:&quot;horizontal&quot;,&quot;submenu_icon&quot;:{&quot;value&quot;:&quot;&lt;svg aria-hidden=\\&quot;true\\&quot; class=\\&quot;e-font-icon-svg e-fas-caret-down\\&quot; viewBox=\\&quot;0 0 320 512\\&quot; xmlns=\\&quot;http:\\\/\\\/www.w3.org\\\/2000\\\/svg\\&quot;&gt;&lt;path d=\\&quot;M31.3 192h257.3c17.8 0 26.7 21.5 14.1 34.1L174.1 354.8c-7.8 7.8-20.5 7.8-28.3 0L17.2 226.1C4.6 213.5 13.5 192 31.3 192z\\&quot;&gt;&lt;\\\/path&gt;&lt;\\\/svg&gt;&quot;,&quot;library&quot;:&quot;fa-solid&quot;},&quot;toggle&quot;:&quot;burger&quot;}\" data-widget_type=\"nav-menu.default\">\n\t\t\t\t<div class=\"elementor-widget-container\">\n\t\t\t\t\t\t\t\t<nav aria-label=\"Men\u00fa\" class=\"elementor-nav-menu--main elementor-nav-menu__container elementor-nav-menu--layout-horizontal e--pointer-underline e--animation-fade\">\n\t\t\t\t<ul id=\"menu-1-20444f8a\" class=\"elementor-nav-menu\"><li class=\"menu-item menu-item-type-post_type menu-item-object-page menu-item-1402\"><a href=\"https:\/\/work.sheboygan.org\/es\/companies\/\" class=\"elementor-item\">Empresas<\/a><\/li>\n<li class=\"menu-item menu-item-type-post_type menu-item-object-page menu-item-1401\"><a href=\"https:\/\/work.sheboygan.org\/es\/families\/\" class=\"elementor-item\">Educaci\u00f3n<\/a><\/li>\n<li class=\"menu-item menu-item-type-custom menu-item-object-custom menu-item-has-children menu-item-1314\"><a href=\"#\" class=\"elementor-item elementor-item-anchor\">Comunidades<\/a>\n<ul class=\"sub-menu elementor-nav-menu--dropdown\">\n\t<li class=\"menu-item menu-item-type-post_type menu-item-object-page menu-item-1499\"><a href=\"https:\/\/work.sheboygan.org\/es\/sheboygan\/\" class=\"elementor-sub-item\">Sheboygan<\/a><\/li>\n\t<li class=\"menu-item menu-item-type-post_type menu-item-object-page menu-item-1498\"><a href=\"https:\/\/work.sheboygan.org\/es\/sheboygan-falls\/\" class=\"elementor-sub-item\">Cataratas de Sheboygan<\/a><\/li>\n\t<li class=\"menu-item menu-item-type-post_type menu-item-object-page menu-item-1493\"><a href=\"https:\/\/work.sheboygan.org\/es\/random-lake\/\" class=\"elementor-sub-item\">Lago aleatorio<\/a><\/li>\n\t<li class=\"menu-item menu-item-type-post_type menu-item-object-page menu-item-1497\"><a href=\"https:\/\/work.sheboygan.org\/es\/plymouth\/\" class=\"elementor-sub-item\">Plymouth<\/a><\/li>\n\t<li class=\"menu-item menu-item-type-post_type menu-item-object-page menu-item-1494\"><a href=\"https:\/\/work.sheboygan.org\/es\/kohler\/\" class=\"elementor-sub-item\">Kohler<\/a><\/li>\n\t<li class=\"menu-item menu-item-type-post_type menu-item-object-page menu-item-1495\"><a href=\"https:\/\/work.sheboygan.org\/es\/elkhart-lake\/\" class=\"elementor-sub-item\">Lago Elkhart<\/a><\/li>\n\t<li class=\"menu-item menu-item-type-post_type menu-item-object-page menu-item-1496\"><a href=\"https:\/\/work.sheboygan.org\/es\/oostburg\/\" class=\"elementor-sub-item\">Oostburgo<\/a><\/li>\n<\/ul>\n<\/li>\n<li class=\"apply-now-btn menu-item menu-item-type-post_type menu-item-object-page menu-item-1500\"><a href=\"https:\/\/work.sheboygan.org\/es\/apply-now-kickstart-your-career-in-sheboygan-county\/\" class=\"elementor-item\">Aplica ya<\/a><\/li>\n<\/ul>\t\t\t<\/nav>\n\t\t\t\t\t<div class=\"elementor-menu-toggle\" role=\"button\" tabindex=\"0\" aria-label=\"Menu Toggle\" aria-expanded=\"false\">\n\t\t\t<svg aria-hidden=\"true\" role=\"presentation\" class=\"elementor-menu-toggle__icon--open e-font-icon-svg e-eicon-menu-bar\" viewbox=\"0 0 1000 1000\" xmlns=\"http:\/\/www.w3.org\/2000\/svg\"><path d=\"M104 333H896C929 333 958 304 958 271S929 208 896 208H104C71 208 42 237 42 271S71 333 104 333ZM104 583H896C929 583 958 554 958 521S929 458 896 458H104C71 458 42 487 42 521S71 583 104 583ZM104 833H896C929 833 958 804 958 771S929 708 896 708H104C71 708 42 737 42 771S71 833 104 833Z\"><\/path><\/svg><svg aria-hidden=\"true\" role=\"presentation\" class=\"elementor-menu-toggle__icon--close e-font-icon-svg e-eicon-close\" viewbox=\"0 0 1000 1000\" xmlns=\"http:\/\/www.w3.org\/2000\/svg\"><path d=\"M742 167L500 408 258 167C246 154 233 150 217 150 196 150 179 158 167 167 154 179 150 196 150 212 150 229 154 242 171 254L408 500 167 742C138 771 138 800 167 829 196 858 225 858 254 829L496 587 738 829C750 842 767 846 783 846 800 846 817 842 829 829 842 817 846 804 846 783 846 767 842 750 829 737L588 500 833 258C863 229 863 200 833 171 804 137 775 137 742 167Z\"><\/path><\/svg>\t\t<\/div>\n\t\t\t\t\t<nav class=\"elementor-nav-menu--dropdown elementor-nav-menu__container\" aria-hidden=\"true\">\n\t\t\t\t<ul id=\"menu-2-20444f8a\" class=\"elementor-nav-menu\"><li class=\"menu-item menu-item-type-post_type menu-item-object-page menu-item-1402\"><a href=\"https:\/\/work.sheboygan.org\/es\/companies\/\" class=\"elementor-item\" tabindex=\"-1\">Empresas<\/a><\/li>\n<li class=\"menu-item menu-item-type-post_type menu-item-object-page menu-item-1401\"><a href=\"https:\/\/work.sheboygan.org\/es\/families\/\" class=\"elementor-item\" tabindex=\"-1\">Educaci\u00f3n<\/a><\/li>\n<li class=\"menu-item menu-item-type-custom menu-item-object-custom menu-item-has-children menu-item-1314\"><a href=\"#\" class=\"elementor-item elementor-item-anchor\" tabindex=\"-1\">Comunidades<\/a>\n<ul class=\"sub-menu elementor-nav-menu--dropdown\">\n\t<li class=\"menu-item menu-item-type-post_type menu-item-object-page menu-item-1499\"><a href=\"https:\/\/work.sheboygan.org\/es\/sheboygan\/\" class=\"elementor-sub-item\" tabindex=\"-1\">Sheboygan<\/a><\/li>\n\t<li class=\"menu-item menu-item-type-post_type menu-item-object-page menu-item-1498\"><a href=\"https:\/\/work.sheboygan.org\/es\/sheboygan-falls\/\" class=\"elementor-sub-item\" tabindex=\"-1\">Cataratas de Sheboygan<\/a><\/li>\n\t<li class=\"menu-item menu-item-type-post_type menu-item-object-page menu-item-1493\"><a href=\"https:\/\/work.sheboygan.org\/es\/random-lake\/\" class=\"elementor-sub-item\" tabindex=\"-1\">Lago aleatorio<\/a><\/li>\n\t<li class=\"menu-item menu-item-type-post_type menu-item-object-page menu-item-1497\"><a href=\"https:\/\/work.sheboygan.org\/es\/plymouth\/\" class=\"elementor-sub-item\" tabindex=\"-1\">Plymouth<\/a><\/li>\n\t<li class=\"menu-item menu-item-type-post_type menu-item-object-page menu-item-1494\"><a href=\"https:\/\/work.sheboygan.org\/es\/kohler\/\" class=\"elementor-sub-item\" tabindex=\"-1\">Kohler<\/a><\/li>\n\t<li class=\"menu-item menu-item-type-post_type menu-item-object-page menu-item-1495\"><a href=\"https:\/\/work.sheboygan.org\/es\/elkhart-lake\/\" class=\"elementor-sub-item\" tabindex=\"-1\">Lago Elkhart<\/a><\/li>\n\t<li class=\"menu-item menu-item-type-post_type menu-item-object-page menu-item-1496\"><a href=\"https:\/\/work.sheboygan.org\/es\/oostburg\/\" class=\"elementor-sub-item\" tabindex=\"-1\">Oostburgo<\/a><\/li>\n<\/ul>\n<\/li>\n<li class=\"apply-now-btn menu-item menu-item-type-post_type menu-item-object-page menu-item-1500\"><a href=\"https:\/\/work.sheboygan.org\/es\/apply-now-kickstart-your-career-in-sheboygan-county\/\" class=\"elementor-item\" tabindex=\"-1\">Aplica ya<\/a><\/li>\n<\/ul>\t\t\t<\/nav>\n\t\t\t\t\t\t<\/div>\n\t\t\t\t<\/div>\n\t\t\t\t<\/div>\n\t\t\t\t\t<\/div>\n\t\t\t\t<\/div>\n\t\t\t\t<\/div>\n\t\t\t\t<\/div>\n\t\t\t\t\t\t<\/div>\n\t\t\t\t<\/div>\n\t\t\t\t\t<\/div>\n\t\t\t\t<\/div>\n\t\t<div class=\"elementor-element elementor-element-48bc470 e-flex e-con-boxed e-con e-parent\" data-id=\"48bc470\" data-element_type=\"container\" data-e-type=\"container\" data-settings=\"{&quot;background_background&quot;:&quot;classic&quot;}\">\n\t\t\t\t\t<div class=\"e-con-inner\">\n\t\t<div class=\"elementor-element elementor-element-c1a7e10 e-con-full e-flex e-con e-child\" data-id=\"c1a7e10\" data-element_type=\"container\" data-e-type=\"container\" data-settings=\"{&quot;background_background&quot;:&quot;classic&quot;}\">\n\t\t<div class=\"elementor-element elementor-element-8c5bf40 e-flex e-con-boxed e-con e-child\" data-id=\"8c5bf40\" data-element_type=\"container\" data-e-type=\"container\">\n\t\t\t\t\t<div class=\"e-con-inner\">\n\t\t\t\t<div class=\"elementor-element elementor-element-1176d0b elementor-widget elementor-widget-heading\" data-id=\"1176d0b\" data-element_type=\"widget\" data-e-type=\"widget\" data-widget_type=\"heading.default\">\n\t\t\t\t<div class=\"elementor-widget-container\">\n\t\t\t\t\t<h2 class=\"elementor-heading-title elementor-size-default\"><h2 data-elementor-setting-key=\"title\" data-pen-placeholder=\"Type Here...\" style=\"font-family: var( --e-global-typography-636172b-font-family ), Sans-serif;font-weight: var( --e-global-typography-636172b-font-weight );line-height: var( --e-global-typography-636172b-line-height );font-size: var( --e-global-typography-636172b-font-size );font-style: normal;letter-spacing: normal\">\u00danase al programa<\/h2><\/h2>\t\t\t\t<\/div>\n\t\t\t\t<\/div>\n\t\t\t\t<div class=\"elementor-element elementor-element-44f98db elementor-widget elementor-widget-text-editor\" data-id=\"44f98db\" data-element_type=\"widget\" data-e-type=\"widget\" data-widget_type=\"text-editor.default\">\n\t\t\t\t<div class=\"elementor-widget-container\">\n\t\t\t\t\t\t\t\t\t<p>\u00a1Haz que te vean m\u00e1s de 60 gerentes de contrataci\u00f3n en menos de un minuto!<\/p>\t\t\t\t\t\t\t\t<\/div>\n\t\t\t\t<\/div>\n\t\t\t\t\t<\/div>\n\t\t\t\t<\/div>\n\t\t\t\t<div class=\"elementor-element elementor-element-989f359 elementor-widget elementor-widget-html\" data-id=\"989f359\" data-element_type=\"widget\" data-e-type=\"widget\" data-widget_type=\"html.default\">\n\t\t\t\t<div class=\"elementor-widget-container\">\n\t\t\t\t\t<div id=\"candidateform\"><\/div>\n<script src=\"https:\/\/www.cognitoforms.com\/f\/seamless.js\" data-key=\"MxML2QuD8EqADRv-w6ZSrw\" data-form=\"1\"><\/script>\n<script>\n    Cognito.prefill({\"PageSubmitted\": location.pathname});\n    Cognito.on('afterSubmit', function () {\n       window.dataLayer.push({\n        \"event\" : \"candidate_form_submission\",\n        \"formpage\": location.pathname\n      }) \n    });\n\n    var scrolledtoform = false;\n    document.addEventListener('DOMContentLoaded', function() {\n      var candidateForm = document.getElementById('candidateform');\n      var isInViewport = function(element) {\n        var rect = element.getBoundingClientRect();\n        return (\n          rect.top >= 0 &&\n          rect.left >= 0 &&\n          rect.bottom <= (window.innerHeight || document.documentElement.clientHeight) &&\n          rect.right <= (window.innerWidth || document.documentElement.clientWidth)\n        );\n      };\n\n      var handleScroll = function() {\n        if (isInViewport(candidateForm) && !scrolledtoform) {\n          scrolledtoform = true;\n          console.log('The #candidateform is in the viewport');\n          window.dataLayer.push({\n            \"event\" : \"candidate_form_viewed\",\n            \"formpage\": location.pathname\n          }) \n        }\n      };\n\n      window.addEventListener('scroll', handleScroll);\n    });\n<\/script>\t\t\t\t<\/div>\n\t\t\t\t<\/div>\n\t\t\t\t<\/div>\n\t\t<div class=\"elementor-element elementor-element-e973da6 e-flex e-con-boxed e-con e-child\" data-id=\"e973da6\" data-element_type=\"container\" data-e-type=\"container\" data-settings=\"{&quot;background_background&quot;:&quot;classic&quot;}\">\n\t\t\t\t\t<div class=\"e-con-inner\">\n\t\t\t\t<div class=\"elementor-element elementor-element-c6956d6 elementor-widget elementor-widget-text-editor\" data-id=\"c6956d6\" data-element_type=\"widget\" data-e-type=\"widget\" data-widget_type=\"text-editor.default\">\n\t\t\t\t<div class=\"elementor-widget-container\">\n\t\t\t\t\t\t\t\t\t<p style=\"font-style: italic; background-color: #ffffff;\">Descargos de responsabilidad:<\/p><p style=\"font-style: italic; background-color: #ffffff;\"><span style=\"font-weight: bolder;\">Descargo de responsabilidad sobre igualdad de oportunidades en el empleo (EEO)<\/span><\/p><p style=\"font-style: italic; background-color: #ffffff;\">Estamos comprometidos a proporcionar una plataforma que garantice la igualdad de oportunidades laborales para todos los solicitantes de empleo y se adhiera a la no discriminaci\u00f3n por motivos de raza, color, religi\u00f3n, sexo, origen nacional, edad, discapacidad o cualquier otro estado protegido. Se espera que nuestros empleadores participantes respeten estos principios en sus pr\u00e1cticas de contrataci\u00f3n.<\/p><p style=\"font-style: italic; background-color: #ffffff;\"><span style=\"font-weight: bolder;\">Descargo de responsabilidad sobre el manejo de informaci\u00f3n personal<\/span><\/p><p style=\"font-style: italic; background-color: #ffffff;\">Su privacidad es importante para nosotros. No vendemos ni alquilamos su informaci\u00f3n personal a terceros. La informaci\u00f3n que usted proporciona durante el proceso de solicitud se utiliza \u00fanicamente para conectarlo con posibles oportunidades de empleo dentro de nuestra red de empleadores participantes.<\/p><p style=\"font-style: italic; background-color: #ffffff;\"><span style=\"font-weight: bolder;\">Funci\u00f3n de la plataforma\/proceso del empleador Descargo de responsabilidad<\/span><\/p><p style=\"font-style: italic; background-color: #ffffff;\">Tenga en cuenta que la C\u00e1mara de Comercio del Condado de Sheboygan no es el empleador y no participa directamente en el proceso de contrataci\u00f3n. Al enviar su solicitud, usted acepta que su informaci\u00f3n se almacene en nuestra base de datos y sea accesible para posibles empleadores para su consideraci\u00f3n laboral. La C\u00e1mara de Sheboygan facilita las conexiones entre quienes buscan empleo y los empleadores, pero no garantiza el empleo.<\/p><p style=\"font-style: italic; background-color: #ffffff;\"><span style=\"font-weight: bolder;\">Descargo de responsabilidad sobre la visualizaci\u00f3n de bases de datos y posibles empleadores<\/span><\/p><p style=\"font-style: italic; background-color: #ffffff;\">Su curr\u00edculum y su informaci\u00f3n personal se almacenar\u00e1n en nuestra base de datos segura y se pondr\u00e1n a disposici\u00f3n de posibles empleadores afiliados al programa Make Your Mark para evaluar su candidatura para sus puestos vacantes. Al participar en este proceso de solicitud, usted acepta compartir su informaci\u00f3n con estas partes.<\/p>\t\t\t\t\t\t\t\t<\/div>\n\t\t\t\t<\/div>\n\t\t\t\t\t<\/div>\n\t\t\t\t<\/div>\n\t\t\t\t\t<\/div>\n\t\t\t\t<\/div>\n\t\t\t\t<\/div>","protected":false},"excerpt":{"rendered":"<p>Join The Program Get seen by 60+ hiring managers in less than a minute! Disclaimers: Equal Employment Opportunity (EEO) Disclaimer We are committed to providing a platform that ensures equal employment opportunities to all job seekers and adheres to nondiscrimination based on race, color, religion, sex, national origin, age, disability, or any other protected status. [&hellip;]<\/p>","protected":false},"author":3,"featured_media":0,"parent":0,"menu_order":0,"comment_status":"closed","ping_status":"closed","template":"elementor_header_footer","meta":{"_acf_changed":false,"footnotes":""},"class_list":["post-1357","page","type-page","status-publish","hentry"],"acf":[],"yoast_head":"<!-- This site is optimized with the Yoast SEO plugin v21.8 - https:\/\/yoast.com\/wordpress\/plugins\/seo\/ -->\n<title>Apply Now \u2013 Kickstart Your Career in Sheboygan County<\/title>\n<meta name=\"description\" content=\"Apply now to Sheboygan County&#039;s &#039;Make Your Mark&#039; program! Connect with 60+ employers and explore job opportunities in a thriving community.\" \/>\n<meta name=\"robots\" content=\"index, follow, max-snippet:-1, max-image-preview:large, max-video-preview:-1\" \/>\n<link rel=\"canonical\" href=\"https:\/\/work.sheboygan.org\/es\/apply-now-kickstart-your-career-in-sheboygan-county\/\" \/>\n<meta property=\"og:locale\" content=\"es_MX\" \/>\n<meta property=\"og:type\" content=\"article\" \/>\n<meta property=\"og:title\" content=\"Apply Now \u2013 Kickstart Your Career in Sheboygan County\" \/>\n<meta property=\"og:description\" content=\"Apply now to Sheboygan County&#039;s &#039;Make Your Mark&#039; program! Connect with 60+ employers and explore job opportunities in a thriving community.\" \/>\n<meta property=\"og:url\" content=\"https:\/\/work.sheboygan.org\/es\/apply-now-kickstart-your-career-in-sheboygan-county\/\" \/>\n<meta property=\"og:site_name\" content=\"Sheboygan County Chamber\" \/>\n<meta property=\"article:modified_time\" content=\"2025-04-01T15:45:41+00:00\" \/>\n<meta name=\"twitter:card\" content=\"summary_large_image\" \/>\n<meta name=\"twitter:label1\" content=\"Tiempo de lectura\" \/>\n\t<meta name=\"twitter:data1\" content=\"2 minutos\" \/>\n<script type=\"application\/ld+json\" class=\"yoast-schema-graph\">{\"@context\":\"https:\/\/schema.org\",\"@graph\":[{\"@type\":\"WebPage\",\"@id\":\"https:\/\/work.sheboygan.org\/apply-now-kickstart-your-career-in-sheboygan-county\/\",\"url\":\"https:\/\/work.sheboygan.org\/apply-now-kickstart-your-career-in-sheboygan-county\/\",\"name\":\"Apply Now \u2013 Kickstart Your Career in Sheboygan County\",\"isPartOf\":{\"@id\":\"https:\/\/fhcktczf.elementor.cloud\/#website\"},\"datePublished\":\"2024-10-24T22:04:01+00:00\",\"dateModified\":\"2025-04-01T15:45:41+00:00\",\"description\":\"Apply now to Sheboygan County's 'Make Your Mark' program! Connect with 60+ employers and explore job opportunities in a thriving community.\",\"breadcrumb\":{\"@id\":\"https:\/\/work.sheboygan.org\/apply-now-kickstart-your-career-in-sheboygan-county\/#breadcrumb\"},\"inLanguage\":\"es\",\"potentialAction\":[{\"@type\":\"ReadAction\",\"target\":[\"https:\/\/work.sheboygan.org\/apply-now-kickstart-your-career-in-sheboygan-county\/\"]}]},{\"@type\":\"BreadcrumbList\",\"@id\":\"https:\/\/work.sheboygan.org\/apply-now-kickstart-your-career-in-sheboygan-county\/#breadcrumb\",\"itemListElement\":[{\"@type\":\"ListItem\",\"position\":1,\"name\":\"Home\",\"item\":\"https:\/\/work.sheboygan.org\/\"},{\"@type\":\"ListItem\",\"position\":2,\"name\":\"Apply Now\"}]},{\"@type\":\"WebSite\",\"@id\":\"https:\/\/fhcktczf.elementor.cloud\/#website\",\"url\":\"https:\/\/fhcktczf.elementor.cloud\/\",\"name\":\"Sheboygan County Chamber\",\"description\":\"Sheboygan County Chamber of Commerce recruitment campaign\",\"publisher\":{\"@id\":\"https:\/\/fhcktczf.elementor.cloud\/#organization\"},\"potentialAction\":[{\"@type\":\"SearchAction\",\"target\":{\"@type\":\"EntryPoint\",\"urlTemplate\":\"https:\/\/fhcktczf.elementor.cloud\/?s={search_term_string}\"},\"query-input\":\"required name=search_term_string\"}],\"inLanguage\":\"es\"},{\"@type\":\"Organization\",\"@id\":\"https:\/\/fhcktczf.elementor.cloud\/#organization\",\"name\":\"Sheboygan County Chamber\",\"url\":\"https:\/\/fhcktczf.elementor.cloud\/\",\"logo\":{\"@type\":\"ImageObject\",\"inLanguage\":\"es\",\"@id\":\"https:\/\/fhcktczf.elementor.cloud\/#\/schema\/logo\/image\/\",\"url\":\"https:\/\/work.sheboygan.org\/wp-content\/uploads\/2024\/01\/Chamber_Logo_White.png\",\"contentUrl\":\"https:\/\/work.sheboygan.org\/wp-content\/uploads\/2024\/01\/Chamber_Logo_White.png\",\"width\":512,\"height\":189,\"caption\":\"Sheboygan County Chamber\"},\"image\":{\"@id\":\"https:\/\/fhcktczf.elementor.cloud\/#\/schema\/logo\/image\/\"}}]}<\/script>\n<!-- \/ Yoast SEO plugin. -->","yoast_head_json":{"title":"Apply Now \u2013 Kickstart Your Career in Sheboygan County","description":"Apply now to Sheboygan County's 'Make Your Mark' program! Connect with 60+ employers and explore job opportunities in a thriving community.","robots":{"index":"index","follow":"follow","max-snippet":"max-snippet:-1","max-image-preview":"max-image-preview:large","max-video-preview":"max-video-preview:-1"},"canonical":"https:\/\/work.sheboygan.org\/es\/apply-now-kickstart-your-career-in-sheboygan-county\/","og_locale":"es_MX","og_type":"article","og_title":"Apply Now \u2013 Kickstart Your Career in Sheboygan County","og_description":"Apply now to Sheboygan County's 'Make Your Mark' program! Connect with 60+ employers and explore job opportunities in a thriving community.","og_url":"https:\/\/work.sheboygan.org\/es\/apply-now-kickstart-your-career-in-sheboygan-county\/","og_site_name":"Sheboygan County Chamber","article_modified_time":"2025-04-01T15:45:41+00:00","twitter_card":"summary_large_image","twitter_misc":{"Tiempo de lectura":"2 minutos"},"schema":{"@context":"https:\/\/schema.org","@graph":[{"@type":"WebPage","@id":"https:\/\/work.sheboygan.org\/apply-now-kickstart-your-career-in-sheboygan-county\/","url":"https:\/\/work.sheboygan.org\/apply-now-kickstart-your-career-in-sheboygan-county\/","name":"Apply Now \u2013 Kickstart Your Career in Sheboygan County","isPartOf":{"@id":"https:\/\/fhcktczf.elementor.cloud\/#website"},"datePublished":"2024-10-24T22:04:01+00:00","dateModified":"2025-04-01T15:45:41+00:00","description":"Apply now to Sheboygan County's 'Make Your Mark' program! Connect with 60+ employers and explore job opportunities in a thriving community.","breadcrumb":{"@id":"https:\/\/work.sheboygan.org\/apply-now-kickstart-your-career-in-sheboygan-county\/#breadcrumb"},"inLanguage":"es","potentialAction":[{"@type":"ReadAction","target":["https:\/\/work.sheboygan.org\/apply-now-kickstart-your-career-in-sheboygan-county\/"]}]},{"@type":"BreadcrumbList","@id":"https:\/\/work.sheboygan.org\/apply-now-kickstart-your-career-in-sheboygan-county\/#breadcrumb","itemListElement":[{"@type":"ListItem","position":1,"name":"Home","item":"https:\/\/work.sheboygan.org\/"},{"@type":"ListItem","position":2,"name":"Apply Now"}]},{"@type":"WebSite","@id":"https:\/\/fhcktczf.elementor.cloud\/#website","url":"https:\/\/fhcktczf.elementor.cloud\/","name":"Sheboygan County Chamber","description":"Sheboygan County Chamber of Commerce recruitment campaign","publisher":{"@id":"https:\/\/fhcktczf.elementor.cloud\/#organization"},"potentialAction":[{"@type":"SearchAction","target":{"@type":"EntryPoint","urlTemplate":"https:\/\/fhcktczf.elementor.cloud\/?s={search_term_string}"},"query-input":"required name=search_term_string"}],"inLanguage":"es"},{"@type":"Organization","@id":"https:\/\/fhcktczf.elementor.cloud\/#organization","name":"Sheboygan County Chamber","url":"https:\/\/fhcktczf.elementor.cloud\/","logo":{"@type":"ImageObject","inLanguage":"es","@id":"https:\/\/fhcktczf.elementor.cloud\/#\/schema\/logo\/image\/","url":"https:\/\/work.sheboygan.org\/wp-content\/uploads\/2024\/01\/Chamber_Logo_White.png","contentUrl":"https:\/\/work.sheboygan.org\/wp-content\/uploads\/2024\/01\/Chamber_Logo_White.png","width":512,"height":189,"caption":"Sheboygan County Chamber"},"image":{"@id":"https:\/\/fhcktczf.elementor.cloud\/#\/schema\/logo\/image\/"}}]}},"_links":{"self":[{"href":"https:\/\/work.sheboygan.org\/es\/wp-json\/wp\/v2\/pages\/1357","targetHints":{"allow":["GET"]}}],"collection":[{"href":"https:\/\/work.sheboygan.org\/es\/wp-json\/wp\/v2\/pages"}],"about":[{"href":"https:\/\/work.sheboygan.org\/es\/wp-json\/wp\/v2\/types\/page"}],"author":[{"embeddable":true,"href":"https:\/\/work.sheboygan.org\/es\/wp-json\/wp\/v2\/users\/3"}],"replies":[{"embeddable":true,"href":"https:\/\/work.sheboygan.org\/es\/wp-json\/wp\/v2\/comments?post=1357"}],"version-history":[{"count":7,"href":"https:\/\/work.sheboygan.org\/es\/wp-json\/wp\/v2\/pages\/1357\/revisions"}],"predecessor-version":[{"id":1374,"href":"https:\/\/work.sheboygan.org\/es\/wp-json\/wp\/v2\/pages\/1357\/revisions\/1374"}],"wp:attachment":[{"href":"https:\/\/work.sheboygan.org\/es\/wp-json\/wp\/v2\/media?parent=1357"}],"curies":[{"name":"wp","href":"https:\/\/api.w.org\/{rel}","templated":true}]}}